{"id":472,"date":"2018-06-04T16:11:13","date_gmt":"2018-06-04T14:11:13","guid":{"rendered":"http:\/\/www.natuerlich-suedtirol.com\/?page_id=472"},"modified":"2018-06-05T10:04:39","modified_gmt":"2018-06-05T08:04:39","slug":"editoriale","status":"publish","type":"page","link":"https:\/\/www.natuerlich-suedtirol.com\/it\/editoriale\/","title":{"rendered":"Editoriale"},"content":{"rendered":"<h3>Committente &amp; proprietario<\/h3>\n<p>Le donne coltivatrici di Lana e Foiana<br \/>\n<a href=\"mailto:i&#110;&#102;o&#64;n&#97;&#116;u&#101;r&#108;&#105;&#99;h-&#115;uedti&#114;&#111;l&#46;c&#111;&#109;\">inf&#111;&#64;&#110;a&#116;ue&#114;&#108;&#105;c&#104;&#45;&#115;uedti&#114;ol&#46;c&#111;m<\/a><\/p>\n<h3>Design, Programmazione &amp; CMS<\/h3>\n<p>ps-design<br \/>\nd. Pircher Stefan<br \/>\nVia Monte Luco 24<br \/>\nI-39011 Lana (BZ)<br \/>\nM +39 333 3914367<br \/>\n<a href=\"mailto:&#105;nfo&#64;ps&#45;&#100;e&#115;&#105;g&#110;.it\">&#105;&#110;fo&#64;p&#115;-d&#101;&#115;&#105;gn.&#105;&#116;<\/a><\/p>\n<h3>Sorgente foto &amp; immagini<\/h3>\n<p>Biohof Callhof, Unterwegerhof, Goldbichlhof, Kirchtalhof, Larcherhof, Niederhof, Vettererhof, Schrenteweinhof.<br \/>\nAssociazione turistica Lana e dintorni (Helmuth Rier, Frieder Blickle, Florian Andergassen, Sebastian Stocker, Miriam Federspiel, Armin Terzer, Armin Oberkofler)<br \/>\nMerano Marketing (Alex Filz, Damian Pertoll, Jessica Preuhs, Frieder Blickle, Michael M\u00fcller)<\/p>\n<h3>Indicazioni &amp; avviso di responsabilit\u00e0<\/h3>\n<p>Tutte le dichiarazioni e i contenuti di questo sito sono stati controllati con cura. Ci\u00f2 nonostante non viene assunta alcuna responsabilit\u00e1 per la garanzia, la correttezza, la completezza e l\u2019aggiornamento dei dati. Le donne coltivatrici non sono responsabile per i contenuti del sito che si riferiscono ai collegamenti ipertestuali. Questo vale anche per per gli altri siti internet. Ci riserviamo il diritto, di modificare, aggiornare o aggiungere informazioni ai dati e alle informazioni messi a disposizione.<\/p>\n<h3>Copyright<\/h3>\n<p>Concetto, struttura e contenuti di questo sito internet sono protetti dai diritti d\u2019autore. La riproduzione di informazioni o dati, in particolare l\u2019utilizzo di testi, parte di testi o materiale fotografico richiede il consenso preventivo da parte delle donne coltivatrici.<\/p>\n<h3>CMS-System<\/h3>\n<p>powered by <a href=\"http:\/\/it.wordpress.org\" target=\"_blank\" rel=\"noopener\">WordPress<\/a><\/p>\n<h3 id=\"datenschutz\">Privacy<\/h3>\n<p>Ai sensi dell\u2019art. 13 del decreto legislativo n\u00b0 196 del 30 giugno 2003 e seguenti modifiche e completamenti informiamo, che tutti i dati che ci vengono inviati tramite il nosto sito internet rispettivamente tramite fax, e-mail o posta verranno raccolti e salvati. La nostra societ\u00e0 garantisce un trattamento dei dati personali ai sensi delle disposizioni di legge che rispetta i diritti fondamentali, la libert\u00e0 e la dignit\u00e0 della persona interessata con particolare riferimento alla segretezza, alla identit\u00e0 personale e il diritto di tutela dei dati personali. I dati personali elaborati dalla nostra societ\u00e0 non vengono divulgati.<\/p>\n<p><strong>Il titolare del trattamento dei dati personali \u00e8:<\/strong><br \/>\nSabina Schwienbacher, Br\u00fcnnlerweg 5, I-39011 Lana (BZ), <a href=\"mailto:i&#110;fo&#64;k&#105;r&#99;&#104;ta&#108;&#104;&#111;f&#46;c&#111;&#109;\">&#105;nfo&#64;k&#105;rc&#104;&#116;a&#108;ho&#102;.&#99;om<\/a><\/p>\n","protected":false},"excerpt":{"rendered":"<p>Committente &amp; proprietario Le donne coltivatrici di Lana e Foiana Design, Programmazione &amp; CMS ps-design d. Pircher Stefan Via Monte Luco 24 I-39011 Lana (BZ) M +39 333 3914367 Sorgente foto &amp; immagini Biohof Callhof, Unterwegerhof, Goldbichlhof, Kirchtalhof, Larcherhof, Niederhof, Vettererhof, Schrenteweinhof. Associazione turistica Lana e dintorni (Helmuth Rier, Frieder Blickle, Florian Andergassen, Sebastian Stocker, [&hellip;]<\/p>\n","protected":false},"author":1,"featured_media":0,"parent":0,"menu_order":10,"comment_status":"closed","ping_status":"closed","template":"","meta":{"footnotes":""},"class_list":["post-472","page","type-page","status-publish","hentry"],"_links":{"self":[{"href":"https:\/\/www.natuerlich-suedtirol.com\/it\/wp-json\/wp\/v2\/pages\/472","targetHints":{"allow":["GET"]}}],"collection":[{"href":"https:\/\/www.natuerlich-suedtirol.com\/it\/wp-json\/wp\/v2\/pages"}],"about":[{"href":"https:\/\/www.natuerlich-suedtirol.com\/it\/wp-json\/wp\/v2\/types\/page"}],"author":[{"embeddable":true,"href":"https:\/\/www.natuerlich-suedtirol.com\/it\/wp-json\/wp\/v2\/users\/1"}],"replies":[{"embeddable":true,"href":"https:\/\/www.natuerlich-suedtirol.com\/it\/wp-json\/wp\/v2\/comments?post=472"}],"version-history":[{"count":0,"href":"https:\/\/www.natuerlich-suedtirol.com\/it\/wp-json\/wp\/v2\/pages\/472\/revisions"}],"wp:attachment":[{"href":"https:\/\/www.natuerlich-suedtirol.com\/it\/wp-json\/wp\/v2\/media?parent=472"}],"curies":[{"name":"wp","href":"https:\/\/api.w.org\/{rel}","templated":true}]}}